{"id":234,"date":"2023-11-24T09:07:59","date_gmt":"2023-11-24T08:07:59","guid":{"rendered":"http:\/\/www.cs3-kasse.de\/cs3-retail\/?page_id=234"},"modified":"2025-01-06T17:44:13","modified_gmt":"2025-01-06T16:44:13","slug":"neu","status":"publish","type":"page","link":"http:\/\/www.cs3-kasse.de\/cs3-retail\/neu\/","title":{"rendered":"Impressum RETAIL"},"content":{"rendered":"\t\t<div data-elementor-type=\"wp-page\" data-elementor-id=\"234\" class=\"elementor elementor-234\">\n\t\t\t\t<div class=\"elementor-element elementor-element-e3ebb30 e-flex e-con-boxed e-con e-parent\" data-id=\"e3ebb30\" data-element_type=\"container\" data-settings=\"{&quot;background_background&quot;:&quot;classic&quot;}\">\n\t\t\t\t\t<div class=\"e-con-inner\">\n\t\t<div class=\"elementor-element elementor-element-e70f4c8 e-con-full e-flex e-con e-child\" data-id=\"e70f4c8\" data-element_type=\"container\" data-settings=\"{&quot;background_background&quot;:&quot;classic&quot;}\">\n\t\t\t\t<div class=\"elementor-element elementor-element-dad9dd1 elementor-widget elementor-widget-heading\" data-id=\"dad9dd1\" data-element_type=\"widget\" data-widget_type=\"heading.default\">\n\t\t\t\t<div class=\"elementor-widget-container\">\n\t\t\t\t\t<h2 class=\"elementor-heading-title elementor-size-default\">Impressum<\/h2>\t\t\t\t<\/div>\n\t\t\t\t<\/div>\n\t\t\t\t<div class=\"elementor-element elementor-element-e831c42 elementor-widget elementor-widget-text-editor\" data-id=\"e831c42\" data-element_type=\"widget\" data-widget_type=\"text-editor.default\">\n\t\t\t\t<div class=\"elementor-widget-container\">\n\t\t\t\t\t\t\t\t\t<p>CS-3 Software<br \/>Mariano Martinez B\u00f6hme<br \/>Heinrich-Rohlmann-Str. 12<br \/>50829 K\u00f6ln<\/p><p>Tel.: (0221) 70 99 28 07<br \/>Fax: (0221) 70 99 28 09<br \/>www.cs3-software.de<br \/>info [at] cs3-software [dot] de<\/p><p>UStId: DE173906066<br \/>Steuernummer: 217 \/ 5186 \/ 1705<br \/>Gesch\u00e4ftsinhaber: Mariano Martinez B\u00f6hme.<\/p>\t\t\t\t\t\t\t\t<\/div>\n\t\t\t\t<\/div>\n\t\t\t\t<div class=\"elementor-element elementor-element-6618022 elementor-widget elementor-widget-heading\" data-id=\"6618022\" data-element_type=\"widget\" data-widget_type=\"heading.default\">\n\t\t\t\t<div class=\"elementor-widget-container\">\n\t\t\t\t\t<h2 class=\"elementor-heading-title elementor-size-default\">Disclaimer<\/h2>\t\t\t\t<\/div>\n\t\t\t\t<\/div>\n\t\t\t\t<div class=\"elementor-element elementor-element-994e2fb elementor-widget elementor-widget-text-editor\" data-id=\"994e2fb\" data-element_type=\"widget\" data-widget_type=\"text-editor.default\">\n\t\t\t\t<div class=\"elementor-widget-container\">\n\t\t\t\t\t\t\t\t\t<p>Website mit gesch\u00e4ftlichem Hintergrund. Angaben und Informationen wurden sorgf\u00e4ltig recherchiert und \u00fcberpr\u00fcft!<br \/>F\u00fcr Richtigkeit, Vollst\u00e4ndigkeit und Aktualit\u00e4t dieser Website wird trotzdem keine Haftung \u00fcbernommen.<br \/>Auch distanzieren wir uns hiermit noch einmal ausdr\u00fccklich von jeglicher Verantwortung aus der Verlinkung zu anderen Seiten und deren Inhalt, auch aus denen, die auf diese Seite verlinken.<br \/>Au\u00dferdem behalten wir uns das Recht vor, \u00c4nderungen oder Erg\u00e4nzungen der bereitgestellten Informationen vorzunehmen. Inhalt und Struktur der Web-Seiten sind urheberrechtlich gesch\u00fctzt.<br \/>Die Vervielf\u00e4ltigung von Inhalten oder Dateien, insbesondere die Verwendung von Texten, Textteilen und\/oder Bildmaterial bedarf &#8211; soweit nicht als Download freigegeben &#8211; der ausdr\u00fccklichen Zustimmung unsererseits.<br \/>Haftungsausschluss:<br \/>Wir \u00fcbernehmen keinerlei Haftung f\u00fcr eventuell fehlerbehaftete Tipps, HTML-Codes oder Skripte und damit verbundene Sch\u00e4den und Datenverluste.<br \/>Wichtiger Hinweis zu Links:<br \/>Mit dem Urteil vom 12. Mai 1998 hat das Landgericht Hamburg entschieden, da\u00df man durch die Ausbringung eines Links die Inhalte der gelinkten Seite ggf. mit zu verantworten hat. Dies kann &#8211; so das LG &#8211; nur dadurch verhindert werden, da\u00df man sich ausdr\u00fccklich von diesen Inhalten distanziert. Ich m\u00f6chte ausdr\u00fccklich betonen, da\u00df ich keinerlei Einflu\u00df auf die Gestaltung und die Inhalte der gelinkten Seiten habe. Deshalb distanziere ich mich hiermit ausdr\u00fccklich von allen Inhalten aller gelinkten Seiten auf dieser Website und mache mich ihrer Inhalte nicht zu eigen. Diese Erkl\u00e4rung gilt f\u00fcr alle auf meiner Homepage ausgebrachten Links.<\/p>\t\t\t\t\t\t\t\t<\/div>\n\t\t\t\t<\/div>\n\t\t\t\t<\/div>\n\t\t\t\t\t<\/div>\n\t\t\t\t<\/div>\n\t\t\t\t<\/div>\n\t\t","protected":false},"excerpt":{"rendered":"<p>Impressum CS-3 SoftwareMariano Martinez B\u00f6hmeHeinrich-Rohlmann-Str. 1250829 K\u00f6ln Tel.: (0221) 70 99 28 07Fax: (0221) 70 99 28 09www.cs3-software.deinfo [at] cs3-software [dot] de UStId: DE173906066Steuernummer: 217 \/ 5186 \/ 1705Gesch\u00e4ftsinhaber: Mariano Martinez B\u00f6hme. Disclaimer Website mit gesch\u00e4ftlichem Hintergrund. Angaben und Informationen wurden sorgf\u00e4ltig recherchiert und \u00fcberpr\u00fcft!F\u00fcr Richtigkeit, Vollst\u00e4ndigkeit und Aktualit\u00e4t dieser Website wird trotzdem keine Haftung&#8230;<\/p>\n","protected":false},"author":1,"featured_media":0,"parent":0,"menu_order":0,"comment_status":"closed","ping_status":"closed","template":"elementor_theme","meta":{"_kad_post_transparent":"","_kad_post_title":"hide","_kad_post_layout":"fullwidth","_kad_post_sidebar_id":"","_kad_post_content_style":"unboxed","_kad_post_vertical_padding":"hide","_kad_post_feature":"hide","_kad_post_feature_position":"","_kad_post_header":false,"_kad_post_footer":false,"footnotes":""},"class_list":["post-234","page","type-page","status-publish","hentry"],"_links":{"self":[{"href":"http:\/\/www.cs3-kasse.de\/cs3-retail\/wp-json\/wp\/v2\/pages\/234","targetHints":{"allow":["GET"]}}],"collection":[{"href":"http:\/\/www.cs3-kasse.de\/cs3-retail\/wp-json\/wp\/v2\/pages"}],"about":[{"href":"http:\/\/www.cs3-kasse.de\/cs3-retail\/wp-json\/wp\/v2\/types\/page"}],"author":[{"embeddable":true,"href":"http:\/\/www.cs3-kasse.de\/cs3-retail\/wp-json\/wp\/v2\/users\/1"}],"replies":[{"embeddable":true,"href":"http:\/\/www.cs3-kasse.de\/cs3-retail\/wp-json\/wp\/v2\/comments?post=234"}],"version-history":[{"count":60,"href":"http:\/\/www.cs3-kasse.de\/cs3-retail\/wp-json\/wp\/v2\/pages\/234\/revisions"}],"predecessor-version":[{"id":1426,"href":"http:\/\/www.cs3-kasse.de\/cs3-retail\/wp-json\/wp\/v2\/pages\/234\/revisions\/1426"}],"wp:attachment":[{"href":"http:\/\/www.cs3-kasse.de\/cs3-retail\/wp-json\/wp\/v2\/media?parent=234"}],"curies":[{"name":"wp","href":"https:\/\/api.w.org\/{rel}","templated":true}]}}