{"id":1354,"date":"2023-12-04T08:39:29","date_gmt":"2023-12-04T07:39:29","guid":{"rendered":"http:\/\/www.cs3-kasse.de\/cs3-retail\/?page_id=1354"},"modified":"2023-12-04T12:24:01","modified_gmt":"2023-12-04T11:24:01","slug":"erp-cloud","status":"publish","type":"page","link":"http:\/\/www.cs3-kasse.de\/cs3-retail\/erp-cloud\/","title":{"rendered":"CS-3 erp-cloud"},"content":{"rendered":"\t\t<div data-elementor-type=\"wp-page\" data-elementor-id=\"1354\" class=\"elementor elementor-1354\">\n\t\t\t\t<div class=\"elementor-element elementor-element-2bdbf838 e-flex e-con-boxed e-con e-parent\" data-id=\"2bdbf838\" data-element_type=\"container\" data-settings=\"{&quot;background_background&quot;:&quot;classic&quot;}\">\n\t\t\t\t\t<div class=\"e-con-inner\">\n\t\t<div class=\"elementor-element elementor-element-4fbb26e3 e-con-full e-flex e-con e-child\" data-id=\"4fbb26e3\" data-element_type=\"container\" data-settings=\"{&quot;background_background&quot;:&quot;classic&quot;}\">\n\t\t\t\t<div class=\"elementor-element elementor-element-53d374d0 elementor-widget elementor-widget-heading\" data-id=\"53d374d0\" data-element_type=\"widget\" data-widget_type=\"heading.default\">\n\t\t\t\t<div class=\"elementor-widget-container\">\n\t\t\t\t\t<h2 class=\"elementor-heading-title elementor-size-default\">Die CS-3 erpCloud<br>Filial-Verwaltung &amp; -Steuerung<\/h2>\t\t\t\t<\/div>\n\t\t\t\t<\/div>\n\t\t\t\t<\/div>\n\t\t\t\t\t<\/div>\n\t\t\t\t<\/div>\n\t\t<div class=\"elementor-element elementor-element-16c7a00e e-flex e-con-boxed e-con e-parent\" data-id=\"16c7a00e\" data-element_type=\"container\" data-settings=\"{&quot;background_background&quot;:&quot;classic&quot;}\">\n\t\t\t\t\t<div class=\"e-con-inner\">\n\t\t<div class=\"elementor-element elementor-element-f482617 e-con-full e-flex e-con e-child\" data-id=\"f482617\" data-element_type=\"container\" data-settings=\"{&quot;background_background&quot;:&quot;classic&quot;}\">\n\t\t\t\t<div class=\"elementor-element elementor-element-f0d9d47 elementor-widget elementor-widget-image\" data-id=\"f0d9d47\" data-element_type=\"widget\" data-widget_type=\"image.default\">\n\t\t\t\t<div class=\"elementor-widget-container\">\n\t\t\t\t\t\t\t\t\t\t\t\t\t\t\t<img decoding=\"async\" src=\"http:\/\/www.cs3-kasse.de\/cs3-retail\/wp-content\/uploads\/2023\/12\/produkte_erp_cloud_900x665.png\" title=\"\" alt=\"\" loading=\"lazy\" \/>\t\t\t\t\t\t\t\t\t\t\t\t\t\t\t<\/div>\n\t\t\t\t<\/div>\n\t\t\t\t<\/div>\n\t\t\t\t\t<\/div>\n\t\t\t\t<\/div>\n\t\t<div class=\"elementor-element elementor-element-5dbfcba3 e-flex e-con-boxed e-con e-parent\" data-id=\"5dbfcba3\" data-element_type=\"container\" data-settings=\"{&quot;background_background&quot;:&quot;classic&quot;}\">\n\t\t\t\t\t<div class=\"e-con-inner\">\n\t\t<div class=\"elementor-element elementor-element-16d89e0a e-con-full e-flex e-con e-child\" data-id=\"16d89e0a\" data-element_type=\"container\" data-settings=\"{&quot;background_background&quot;:&quot;classic&quot;}\">\n\t\t\t\t<div class=\"elementor-element elementor-element-d86ee7c elementor-widget elementor-widget-text-editor\" data-id=\"d86ee7c\" data-element_type=\"widget\" data-widget_type=\"text-editor.default\">\n\t\t\t\t<div class=\"elementor-widget-container\">\n\t\t\t\t\t\t\t\t\t<p>Verfolgen Sie Ihr Business, jederzeit, \u00fcberall auf Ihrem Smartphone, Tablet oder Notebook.<\/p><p><br \/>In der CS-3 erpCloud lassen sich Daten von CS-3 Kassensystemen mehrerer M\u00e4rkte bzw. Filialen abbilden.<\/p>\t\t\t\t\t\t\t\t<\/div>\n\t\t\t\t<\/div>\n\t\t\t\t<\/div>\n\t\t<div class=\"elementor-element elementor-element-29c06b3a e-con-full e-flex e-con e-child\" data-id=\"29c06b3a\" data-element_type=\"container\" data-settings=\"{&quot;background_background&quot;:&quot;classic&quot;}\">\n\t\t\t\t<div class=\"elementor-element elementor-element-58038601 elementor-widget elementor-widget-text-editor\" data-id=\"58038601\" data-element_type=\"widget\" data-widget_type=\"text-editor.default\">\n\t\t\t\t<div class=\"elementor-widget-container\">\n\t\t\t\t\t\t\t\t\t<ul><li>Wichtige Kennzahlen \u00fcberall und jederzeit abrufbar<\/li><li>Plattformunabh\u00e4ngig<\/li><li>Einfach per Smartphone, Tablet oder Notebook<\/li><li>Umsatz-Statistik und -Vergleich \u00fcber mehrere M\u00e4rkte \/ Filialen<\/li><li>Zentrale, cloudbasierte Artikelpflege und Bereitstellung der Artikeldaten f\u00fcr mehrere M\u00e4rkte \/ Filialen<\/li><\/ul>\t\t\t\t\t\t\t\t<\/div>\n\t\t\t\t<\/div>\n\t\t\t\t<\/div>\n\t\t\t\t\t<\/div>\n\t\t\t\t<\/div>\n\t\t<div class=\"elementor-element elementor-element-663b5ac7 e-flex e-con-boxed e-con e-parent\" data-id=\"663b5ac7\" data-element_type=\"container\" data-settings=\"{&quot;background_background&quot;:&quot;classic&quot;}\">\n\t\t\t\t\t<div class=\"e-con-inner\">\n\t\t<div class=\"elementor-element elementor-element-4e9b5f95 e-con-full e-flex e-con e-child\" data-id=\"4e9b5f95\" data-element_type=\"container\" data-settings=\"{&quot;background_background&quot;:&quot;classic&quot;}\">\n\t\t\t\t<div class=\"elementor-element elementor-element-335a2cd elementor-widget elementor-widget-heading\" data-id=\"335a2cd\" data-element_type=\"widget\" data-widget_type=\"heading.default\">\n\t\t\t\t<div class=\"elementor-widget-container\">\n\t\t\t\t\t<h2 class=\"elementor-heading-title elementor-size-default\">CS-3 Filiall\u00f6sung<\/h2>\t\t\t\t<\/div>\n\t\t\t\t<\/div>\n\t\t\t\t<div class=\"elementor-element elementor-element-7aa7a1fe elementor-widget elementor-widget-text-editor\" data-id=\"7aa7a1fe\" data-element_type=\"widget\" data-widget_type=\"text-editor.default\">\n\t\t\t\t<div class=\"elementor-widget-container\">\n\t\t\t\t\t\t\t\t\t<p>Die CS-3 Filiall\u00f6sung realisiert eine Vernetzung der Filialen mit der Zentrale und erm\u00f6glicht die<br \/>Kommunikation und den automatisierten Datenaustausch zwischen Zentrale und Filialen.<\/p>\t\t\t\t\t\t\t\t<\/div>\n\t\t\t\t<\/div>\n\t\t\t\t<div class=\"elementor-element elementor-element-b171f90 elementor-widget elementor-widget-image\" data-id=\"b171f90\" data-element_type=\"widget\" data-widget_type=\"image.default\">\n\t\t\t\t<div class=\"elementor-widget-container\">\n\t\t\t\t\t\t\t\t\t\t\t\t\t\t\t<img fetchpriority=\"high\" decoding=\"async\" width=\"700\" height=\"450\" src=\"http:\/\/www.cs3-kasse.de\/cs3-retail\/wp-content\/uploads\/sites\/4\/2023\/12\/produkte_filial-loesung_chart01_700x450.png\" class=\"attachment-large size-large wp-image-1406\" alt=\"\" srcset=\"http:\/\/www.cs3-kasse.de\/cs3-retail\/wp-content\/uploads\/sites\/4\/2023\/12\/produkte_filial-loesung_chart01_700x450.png 700w, http:\/\/www.cs3-kasse.de\/cs3-retail\/wp-content\/uploads\/sites\/4\/2023\/12\/produkte_filial-loesung_chart01_700x450-300x193.png 300w\" sizes=\"(max-width: 700px) 100vw, 700px\" \/>\t\t\t\t\t\t\t\t\t\t\t\t\t\t\t<\/div>\n\t\t\t\t<\/div>\n\t\t\t\t<div class=\"elementor-element elementor-element-9879472 elementor-widget elementor-widget-text-editor\" data-id=\"9879472\" data-element_type=\"widget\" data-widget_type=\"text-editor.default\">\n\t\t\t\t<div class=\"elementor-widget-container\">\n\t\t\t\t\t\t\t\t\t<p>Die zentrale Artikelpflege entlastet die Filialen bez\u00fcglich der Stammdaten-Pflege enorm. Lediglich<br \/>abweichende Verkaufspreise m\u00fcssen in den Filialen \u00fcber die Erstellung einer filialspezifischen<br \/>Preisliste gepflegt werden.<br \/>Lieferungen von der Zentrale an die Filialen werden elektronisch \u00fcbermittelt und k\u00f6nnen in der<br \/>Filiale per \u201eKnopfdruck\u201c eingelesen werden. Dabei werden auch automatisch neue Artikel vom<br \/>System angelegt und der Etikettendruck vorbereitet.<\/p>\t\t\t\t\t\t\t\t<\/div>\n\t\t\t\t<\/div>\n\t\t\t\t<\/div>\n\t\t\t\t\t<\/div>\n\t\t\t\t<\/div>\n\t\t<div class=\"elementor-element elementor-element-378462dc e-flex e-con-boxed e-con e-parent\" data-id=\"378462dc\" data-element_type=\"container\" data-settings=\"{&quot;background_background&quot;:&quot;classic&quot;}\">\n\t\t\t\t\t<div class=\"e-con-inner\">\n\t\t<div class=\"elementor-element elementor-element-7b10cbf3 e-con-full e-flex e-con e-child\" data-id=\"7b10cbf3\" data-element_type=\"container\" data-settings=\"{&quot;background_background&quot;:&quot;classic&quot;}\">\n\t\t\t\t<div class=\"elementor-element elementor-element-6a4c9ece elementor-widget elementor-widget-heading\" data-id=\"6a4c9ece\" data-element_type=\"widget\" data-widget_type=\"heading.default\">\n\t\t\t\t<div class=\"elementor-widget-container\">\n\t\t\t\t\t<h2 class=\"elementor-heading-title elementor-size-default\">Gallerie<\/h2>\t\t\t\t<\/div>\n\t\t\t\t<\/div>\n\t\t\t\t<div class=\"elementor-element elementor-element-4fca08b7 gallery-spacing-custom elementor-widget elementor-widget-image-gallery\" data-id=\"4fca08b7\" data-element_type=\"widget\" data-widget_type=\"image-gallery.default\">\n\t\t\t\t<div class=\"elementor-widget-container\">\n\t\t\t\t\t\t\t<div class=\"elementor-image-gallery\">\n\t\t\t<div id='gallery-1' class='gallery galleryid-1354 gallery-columns-6 gallery-size-thumbnail'><figure class='gallery-item'>\n\t\t\t<div class='gallery-icon landscape'>\n\t\t\t\t<a data-elementor-open-lightbox=\"yes\" data-elementor-lightbox-slideshow=\"4fca08b7\" data-e-action-hash=\"#elementor-action%3Aaction%3Dlightbox%26settings%3DeyJpZCI6MTAsInVybCI6Imh0dHA6XC9cL3d3dy5jczMta2Fzc2UuZGVcL2NzMy1yZXRhaWxcL3dwLWNvbnRlbnRcL3VwbG9hZHNcL3NpdGVzXC80XC8yMDIzXC8xMVwvc3BhY2Vwb2xlX3RvdWNoX2JnLnBuZyIsInNsaWRlc2hvdyI6IjRmY2EwOGI3In0%3D\" href='http:\/\/www.cs3-kasse.de\/cs3-retail\/wp-content\/uploads\/sites\/4\/2023\/11\/spacepole_touch_bg.png'><img decoding=\"async\" width=\"150\" height=\"150\" src=\"http:\/\/www.cs3-kasse.de\/cs3-retail\/wp-content\/uploads\/sites\/4\/2023\/11\/spacepole_touch_bg-150x150.png\" class=\"attachment-thumbnail size-thumbnail\" alt=\"\" \/><\/a>\n\t\t\t<\/div><\/figure><figure class='gallery-item'>\n\t\t\t<div class='gallery-icon landscape'>\n\t\t\t\t<a data-elementor-open-lightbox=\"yes\" data-elementor-lightbox-slideshow=\"4fca08b7\" data-e-action-hash=\"#elementor-action%3Aaction%3Dlightbox%26settings%3DeyJpZCI6MjEsInVybCI6Imh0dHA6XC9cL3d3dy5jczMta2Fzc2UuZGVcL2NzMy1yZXRhaWxcL3dwLWNvbnRlbnRcL3VwbG9hZHNcL3NpdGVzXC80XC8yMDIzXC8xMVwvc3VwZXJtYXJrdDAxLmpwZWciLCJzbGlkZXNob3ciOiI0ZmNhMDhiNyJ9\" href='http:\/\/www.cs3-kasse.de\/cs3-retail\/wp-content\/uploads\/sites\/4\/2023\/11\/supermarkt01.jpeg'><img decoding=\"async\" width=\"150\" height=\"150\" src=\"http:\/\/www.cs3-kasse.de\/cs3-retail\/wp-content\/uploads\/sites\/4\/2023\/11\/supermarkt01-150x150.jpeg\" class=\"attachment-thumbnail size-thumbnail\" alt=\"\" \/><\/a>\n\t\t\t<\/div><\/figure><figure class='gallery-item'>\n\t\t\t<div class='gallery-icon portrait'>\n\t\t\t\t<a data-elementor-open-lightbox=\"yes\" data-elementor-lightbox-slideshow=\"4fca08b7\" data-e-action-hash=\"#elementor-action%3Aaction%3Dlightbox%26settings%3DeyJpZCI6MTk0LCJ1cmwiOiJodHRwOlwvXC93d3cuY3MzLWthc3NlLmRlXC9jczMtcmV0YWlsXC93cC1jb250ZW50XC91cGxvYWRzXC9zaXRlc1wvNFwvMjAyM1wvMTFcL3Byb2R1a3RlX3NlcnZpY2VfMjA1eDI5NS5wbmciLCJzbGlkZXNob3ciOiI0ZmNhMDhiNyJ9\" href='http:\/\/www.cs3-kasse.de\/cs3-retail\/wp-content\/uploads\/sites\/4\/2023\/11\/produkte_service_205x295.png'><img loading=\"lazy\" decoding=\"async\" width=\"150\" height=\"150\" src=\"http:\/\/www.cs3-kasse.de\/cs3-retail\/wp-content\/uploads\/sites\/4\/2023\/11\/produkte_service_205x295-150x150.png\" class=\"attachment-thumbnail size-thumbnail\" alt=\"\" \/><\/a>\n\t\t\t<\/div><\/figure>\n\t\t<\/div>\n\t\t<\/div>\n\t\t\t\t\t\t<\/div>\n\t\t\t\t<\/div>\n\t\t\t\t<\/div>\n\t\t\t\t\t<\/div>\n\t\t\t\t<\/div>\n\t\t<div class=\"elementor-element elementor-element-292392f5 e-flex e-con-boxed e-con e-parent\" data-id=\"292392f5\" data-element_type=\"container\" data-settings=\"{&quot;background_background&quot;:&quot;classic&quot;}\">\n\t\t\t\t\t<div class=\"e-con-inner\">\n\t\t<div class=\"elementor-element elementor-element-6008e48c e-con-full e-flex e-con e-child\" data-id=\"6008e48c\" data-element_type=\"container\" data-settings=\"{&quot;background_background&quot;:&quot;classic&quot;}\">\n\t\t\t\t<div class=\"elementor-element elementor-element-b40bb74 elementor-widget elementor-widget-heading\" data-id=\"b40bb74\" data-element_type=\"widget\" data-widget_type=\"heading.default\">\n\t\t\t\t<div class=\"elementor-widget-container\">\n\t\t\t\t\t<h2 class=\"elementor-heading-title elementor-size-default\">Downloads<\/h2>\t\t\t\t<\/div>\n\t\t\t\t<\/div>\n\t\t<div class=\"elementor-element elementor-element-1b104608 e-flex e-con-boxed e-con e-child\" data-id=\"1b104608\" data-element_type=\"container\">\n\t\t\t\t\t<div class=\"e-con-inner\">\n\t\t\t\t<div class=\"elementor-element elementor-element-58cdc227 elementor-widget elementor-widget-image\" data-id=\"58cdc227\" data-element_type=\"widget\" data-widget_type=\"image.default\">\n\t\t\t\t<div class=\"elementor-widget-container\">\n\t\t\t\t\t\t\t\t\t\t\t\t<figure class=\"wp-caption\">\n\t\t\t\t\t\t\t\t\t\t\t<a href=\"http:\/\/www.cs3-kasse.de\/cs3-retail\/wp-content\/uploads\/2023\/12\/download_produktblatt_filialloesung.pdf\" target=\"_blank\">\n\t\t\t\t\t\t\t<img loading=\"lazy\" decoding=\"async\" width=\"122\" height=\"172\" src=\"http:\/\/www.cs3-kasse.de\/cs3-retail\/wp-content\/uploads\/sites\/4\/2023\/12\/download_produktblatt_filial-loesung.png\" class=\"attachment-full size-full wp-image-1368\" alt=\"\" \/>\t\t\t\t\t\t\t\t<\/a>\n\t\t\t\t\t\t\t\t\t\t\t<figcaption class=\"widget-image-caption wp-caption-text\">Produktblatt<br>CS-3 Filial-L\u00f6sung<\/figcaption>\n\t\t\t\t\t\t\t\t\t\t<\/figure>\n\t\t\t\t\t\t\t\t\t<\/div>\n\t\t\t\t<\/div>\n\t\t\t\t\t<\/div>\n\t\t\t\t<\/div>\n\t\t\t\t<\/div>\n\t\t\t\t\t<\/div>\n\t\t\t\t<\/div>\n\t\t\t\t<\/div>\n\t\t","protected":false},"excerpt":{"rendered":"<p>Die CS-3 erpCloudFilial-Verwaltung &#038; -Steuerung Verfolgen Sie Ihr Business, jederzeit, \u00fcberall auf Ihrem Smartphone, Tablet oder Notebook. In der CS-3 erpCloud lassen sich Daten von CS-3 Kassensystemen mehrerer M\u00e4rkte bzw. Filialen abbilden. Wichtige Kennzahlen \u00fcberall und jederzeit abrufbar Plattformunabh\u00e4ngig Einfach per Smartphone, Tablet oder Notebook Umsatz-Statistik und -Vergleich \u00fcber mehrere M\u00e4rkte \/ Filialen Zentrale, cloudbasierte&#8230;<\/p>\n","protected":false},"author":1,"featured_media":0,"parent":0,"menu_order":0,"comment_status":"closed","ping_status":"closed","template":"elementor_theme","meta":{"_kad_post_transparent":"","_kad_post_title":"hide","_kad_post_layout":"fullwidth","_kad_post_sidebar_id":"","_kad_post_content_style":"unboxed","_kad_post_vertical_padding":"hide","_kad_post_feature":"hide","_kad_post_feature_position":"","_kad_post_header":false,"_kad_post_footer":false,"footnotes":""},"class_list":["post-1354","page","type-page","status-publish","hentry"],"_links":{"self":[{"href":"http:\/\/www.cs3-kasse.de\/cs3-retail\/wp-json\/wp\/v2\/pages\/1354","targetHints":{"allow":["GET"]}}],"collection":[{"href":"http:\/\/www.cs3-kasse.de\/cs3-retail\/wp-json\/wp\/v2\/pages"}],"about":[{"href":"http:\/\/www.cs3-kasse.de\/cs3-retail\/wp-json\/wp\/v2\/types\/page"}],"author":[{"embeddable":true,"href":"http:\/\/www.cs3-kasse.de\/cs3-retail\/wp-json\/wp\/v2\/users\/1"}],"replies":[{"embeddable":true,"href":"http:\/\/www.cs3-kasse.de\/cs3-retail\/wp-json\/wp\/v2\/comments?post=1354"}],"version-history":[{"count":37,"href":"http:\/\/www.cs3-kasse.de\/cs3-retail\/wp-json\/wp\/v2\/pages\/1354\/revisions"}],"predecessor-version":[{"id":1409,"href":"http:\/\/www.cs3-kasse.de\/cs3-retail\/wp-json\/wp\/v2\/pages\/1354\/revisions\/1409"}],"wp:attachment":[{"href":"http:\/\/www.cs3-kasse.de\/cs3-retail\/wp-json\/wp\/v2\/media?parent=1354"}],"curies":[{"name":"wp","href":"https:\/\/api.w.org\/{rel}","templated":true}]}}